{"id":4567,"date":"2024-07-01T12:44:52","date_gmt":"2024-07-01T12:44:52","guid":{"rendered":"https:\/\/www.jc-partner.com\/?post_type=product&#038;p=4567"},"modified":"2024-07-01T12:44:52","modified_gmt":"2024-07-01T12:44:52","slug":"highcon-beam-writer","status":"publish","type":"product","link":"https:\/\/www.jc-partner.com\/en\/producto\/highcon-beam-writer\/","title":{"rendered":"Highcon Beam Writer"},"content":{"rendered":"<p><strong>Soluciones de troquelado y hendido Digital L\u00e1ser <\/strong><\/p>\n<p>Maximice su eficacia y productividad con la nueva grabadora Highcon Beam Writer para la realizacion de sus planchas de hendido digital offline de l\u00e1minas DART. Esta innovadora soluci\u00f3n est\u00e1 dise\u00f1ada para agilizar el tiempo de preparaci\u00f3n y mejorar la productividad, proporcionando importantes beneficios al cliente. Es compatible con todos los sistemas de troquelado digital Highcon Beam instalados, marcando una nueva era en eficiencia. Al aprovechar el sistema DART patentado por Highcon y los consumibles de 5\u00aa generaci\u00f3n, los clientes pueden crear planchas de hendido fuera de l\u00ednea, reduciendo el tiempo no productivo en el Beam. Adem\u00e1s, la grabadora Beam Writer puede escribir l\u00edneas de hendido DART en paralelo en lugar de en serie, lo que reduce el tiempo de preparaci\u00f3n de los trabajos y aumenta la capacidad total del sistema. Esto se traduce en una mayor eficiencia y rentabilidad. La Beam Writer reduce los tiempos de preparaci\u00f3n en una media de 10 minutos por trabajo, lo que supone un ahorro de tiempo sustancial y mejoras operativas. Por cada 100 trabajos completados mensualmente, el Beam Writer libera m\u00e1s de 16 horas de valiosa capacidad del Beam. Esto permite a los convertidores de envases y expositores de cart\u00f3n plegable y ondulado cumplir los plazos y maximizar la productividad. La versatilidad de la Beam Writer se ampl\u00eda a\u00fan m\u00e1s con su capacidad para admitir varios sistemas Beam utilizando una sola unidad, lo que mejora la agilidad para maximizar la productividad en el panorama competitivo actual. No pierda esta oportunidad de aumentar su producci\u00f3n y mejorar su retorno de la inversi\u00f3n.<\/p>\n","protected":false},"excerpt":{"rendered":"<p><strong>Highcon Beam Writer, es su equipo para realizar sus planchas de hendidos digitales.<\/strong><\/p>\n<p>Maximice la eficiencia con Highcon Beam Writer cree sus hendidos digitales con el novedoso sistema DART<\/p>\n","protected":false},"featured_media":4569,"template":"","meta":{"_acf_changed":false},"product_brand":[],"product_cat":[178,179],"product_tag":[],"class_list":{"0":"post-4567","1":"product","2":"type-product","3":"status-publish","4":"has-post-thumbnail","6":"product_cat-highcon","7":"product_cat-soluciones-de-troquelado-digital-para-carton","9":"first","10":"instock","11":"shipping-taxable","12":"product-type-simple"},"acf":[],"yoast_head":"<!-- This site is optimized with the Yoast SEO plugin v26.1.1 - https:\/\/yoast.com\/wordpress\/plugins\/seo\/ -->\n<title>Higcon Beam Writer<\/title>\n<meta name=\"description\" content=\"Higcon Beam Writer - Digital Laser Cutting for Carton Production\" \/>\n<meta name=\"robots\" content=\"index, follow, max-snippet:-1, max-image-preview:large, max-video-preview:-1\" \/>\n<link rel=\"canonical\" href=\"https:\/\/www.jc-partner.com\/producto\/highcon-beam-writer\/\" \/>\n<meta property=\"og:locale\" content=\"en_US\" \/>\n<meta property=\"og:type\" content=\"article\" \/>\n<meta property=\"og:title\" content=\"Higcon Beam Writer\" \/>\n<meta property=\"og:description\" content=\"Higcon Beam Writer - Digital Laser Cutting for Carton Production\" \/>\n<meta property=\"og:url\" content=\"https:\/\/www.jc-partner.com\/producto\/highcon-beam-writer\/\" \/>\n<meta property=\"og:site_name\" content=\"JC Partner\" \/>\n<meta property=\"og:image\" content=\"https:\/\/www.jc-partner.com\/wp-content\/uploads\/2024\/07\/Beam-Writer-ver3-wide-version.webp\" \/>\n\t<meta property=\"og:image:width\" content=\"1800\" \/>\n\t<meta property=\"og:image:height\" content=\"1011\" \/>\n\t<meta property=\"og:image:type\" content=\"image\/webp\" \/>\n<meta name=\"twitter:card\" content=\"summary_large_image\" \/>\n<meta name=\"twitter:label1\" content=\"Est. reading time\" \/>\n\t<meta name=\"twitter:data1\" content=\"2 minutes\" \/>\n<script type=\"application\/ld+json\" class=\"yoast-schema-graph\">{\"@context\":\"https:\/\/schema.org\",\"@graph\":[{\"@type\":\"WebPage\",\"@id\":\"https:\/\/www.jc-partner.com\/producto\/highcon-beam-writer\/\",\"url\":\"https:\/\/www.jc-partner.com\/producto\/highcon-beam-writer\/\",\"name\":\"Higcon Beam Writer\",\"isPartOf\":{\"@id\":\"https:\/\/www.jc-partner.com\/#website\"},\"primaryImageOfPage\":{\"@id\":\"https:\/\/www.jc-partner.com\/producto\/highcon-beam-writer\/#primaryimage\"},\"image\":{\"@id\":\"https:\/\/www.jc-partner.com\/producto\/highcon-beam-writer\/#primaryimage\"},\"thumbnailUrl\":\"https:\/\/www.jc-partner.com\/wp-content\/uploads\/2024\/07\/Beam-Writer-ver3-wide-version.webp\",\"datePublished\":\"2024-07-01T12:44:52+00:00\",\"description\":\"Higcon Beam Writer - Digital Laser Cutting for Carton Production\",\"breadcrumb\":{\"@id\":\"https:\/\/www.jc-partner.com\/producto\/highcon-beam-writer\/#breadcrumb\"},\"inLanguage\":\"en-US\",\"potentialAction\":[{\"@type\":\"ReadAction\",\"target\":[\"https:\/\/www.jc-partner.com\/producto\/highcon-beam-writer\/\"]}]},{\"@type\":\"ImageObject\",\"inLanguage\":\"en-US\",\"@id\":\"https:\/\/www.jc-partner.com\/producto\/highcon-beam-writer\/#primaryimage\",\"url\":\"https:\/\/www.jc-partner.com\/wp-content\/uploads\/2024\/07\/Beam-Writer-ver3-wide-version.webp\",\"contentUrl\":\"https:\/\/www.jc-partner.com\/wp-content\/uploads\/2024\/07\/Beam-Writer-ver3-wide-version.webp\",\"width\":1800,\"height\":1011},{\"@type\":\"BreadcrumbList\",\"@id\":\"https:\/\/www.jc-partner.com\/producto\/highcon-beam-writer\/#breadcrumb\",\"itemListElement\":[{\"@type\":\"ListItem\",\"position\":1,\"name\":\"Portada\",\"item\":\"https:\/\/www.jc-partner.com\/en\/jc-corrugated-industry-solutions\/\"},{\"@type\":\"ListItem\",\"position\":2,\"name\":\"Productos\",\"item\":\"https:\/\/www.jc-partner.com\/shop\/\"},{\"@type\":\"ListItem\",\"position\":3,\"name\":\"Highcon Beam Writer\"}]},{\"@type\":\"WebSite\",\"@id\":\"https:\/\/www.jc-partner.com\/#website\",\"url\":\"https:\/\/www.jc-partner.com\/\",\"name\":\"JC partner\",\"description\":\"JC Corrugated Industry Parter\",\"publisher\":{\"@id\":\"https:\/\/www.jc-partner.com\/#organization\"},\"alternateName\":\"Jc corrugated solutions\",\"potentialAction\":[{\"@type\":\"SearchAction\",\"target\":{\"@type\":\"EntryPoint\",\"urlTemplate\":\"https:\/\/www.jc-partner.com\/?s={search_term_string}\"},\"query-input\":{\"@type\":\"PropertyValueSpecification\",\"valueRequired\":true,\"valueName\":\"search_term_string\"}}],\"inLanguage\":\"en-US\"},{\"@type\":\"Organization\",\"@id\":\"https:\/\/www.jc-partner.com\/#organization\",\"name\":\"JC partner\",\"url\":\"https:\/\/www.jc-partner.com\/\",\"logo\":{\"@type\":\"ImageObject\",\"inLanguage\":\"en-US\",\"@id\":\"https:\/\/www.jc-partner.com\/#\/schema\/logo\/image\/\",\"url\":\"\",\"contentUrl\":\"\",\"caption\":\"JC partner\"},\"image\":{\"@id\":\"https:\/\/www.jc-partner.com\/#\/schema\/logo\/image\/\"},\"sameAs\":[\"https:\/\/www.linkedin.com\/company\/jcconsejeros\/?originalSubdomain=es\"]}]}<\/script>\n<!-- \/ Yoast SEO plugin. -->","yoast_head_json":{"title":"Higcon Beam Writer","description":"Higcon Beam Writer - Digital Laser Cutting for Carton Production","robots":{"index":"index","follow":"follow","max-snippet":"max-snippet:-1","max-image-preview":"max-image-preview:large","max-video-preview":"max-video-preview:-1"},"canonical":"https:\/\/www.jc-partner.com\/producto\/highcon-beam-writer\/","og_locale":"en_US","og_type":"article","og_title":"Higcon Beam Writer","og_description":"Higcon Beam Writer - Digital Laser Cutting for Carton Production","og_url":"https:\/\/www.jc-partner.com\/producto\/highcon-beam-writer\/","og_site_name":"JC Partner","og_image":[{"width":1800,"height":1011,"url":"https:\/\/www.jc-partner.com\/wp-content\/uploads\/2024\/07\/Beam-Writer-ver3-wide-version.webp","type":"image\/webp"}],"twitter_card":"summary_large_image","twitter_misc":{"Est. reading time":"2 minutes"},"schema":{"@context":"https:\/\/schema.org","@graph":[{"@type":"WebPage","@id":"https:\/\/www.jc-partner.com\/producto\/highcon-beam-writer\/","url":"https:\/\/www.jc-partner.com\/producto\/highcon-beam-writer\/","name":"Higcon Beam Writer","isPartOf":{"@id":"https:\/\/www.jc-partner.com\/#website"},"primaryImageOfPage":{"@id":"https:\/\/www.jc-partner.com\/producto\/highcon-beam-writer\/#primaryimage"},"image":{"@id":"https:\/\/www.jc-partner.com\/producto\/highcon-beam-writer\/#primaryimage"},"thumbnailUrl":"https:\/\/www.jc-partner.com\/wp-content\/uploads\/2024\/07\/Beam-Writer-ver3-wide-version.webp","datePublished":"2024-07-01T12:44:52+00:00","description":"Higcon Beam Writer - Digital Laser Cutting for Carton Production","breadcrumb":{"@id":"https:\/\/www.jc-partner.com\/producto\/highcon-beam-writer\/#breadcrumb"},"inLanguage":"en-US","potentialAction":[{"@type":"ReadAction","target":["https:\/\/www.jc-partner.com\/producto\/highcon-beam-writer\/"]}]},{"@type":"ImageObject","inLanguage":"en-US","@id":"https:\/\/www.jc-partner.com\/producto\/highcon-beam-writer\/#primaryimage","url":"https:\/\/www.jc-partner.com\/wp-content\/uploads\/2024\/07\/Beam-Writer-ver3-wide-version.webp","contentUrl":"https:\/\/www.jc-partner.com\/wp-content\/uploads\/2024\/07\/Beam-Writer-ver3-wide-version.webp","width":1800,"height":1011},{"@type":"BreadcrumbList","@id":"https:\/\/www.jc-partner.com\/producto\/highcon-beam-writer\/#breadcrumb","itemListElement":[{"@type":"ListItem","position":1,"name":"Portada","item":"https:\/\/www.jc-partner.com\/en\/jc-corrugated-industry-solutions\/"},{"@type":"ListItem","position":2,"name":"Productos","item":"https:\/\/www.jc-partner.com\/shop\/"},{"@type":"ListItem","position":3,"name":"Highcon Beam Writer"}]},{"@type":"WebSite","@id":"https:\/\/www.jc-partner.com\/#website","url":"https:\/\/www.jc-partner.com\/","name":"JC partner","description":"JC Corrugated Industry Parter","publisher":{"@id":"https:\/\/www.jc-partner.com\/#organization"},"alternateName":"Jc corrugated solutions","potentialAction":[{"@type":"SearchAction","target":{"@type":"EntryPoint","urlTemplate":"https:\/\/www.jc-partner.com\/?s={search_term_string}"},"query-input":{"@type":"PropertyValueSpecification","valueRequired":true,"valueName":"search_term_string"}}],"inLanguage":"en-US"},{"@type":"Organization","@id":"https:\/\/www.jc-partner.com\/#organization","name":"JC partner","url":"https:\/\/www.jc-partner.com\/","logo":{"@type":"ImageObject","inLanguage":"en-US","@id":"https:\/\/www.jc-partner.com\/#\/schema\/logo\/image\/","url":"","contentUrl":"","caption":"JC partner"},"image":{"@id":"https:\/\/www.jc-partner.com\/#\/schema\/logo\/image\/"},"sameAs":["https:\/\/www.linkedin.com\/company\/jcconsejeros\/?originalSubdomain=es"]}]}},"_links":{"self":[{"href":"https:\/\/www.jc-partner.com\/en\/wp-json\/wp\/v2\/product\/4567","targetHints":{"allow":["GET"]}}],"collection":[{"href":"https:\/\/www.jc-partner.com\/en\/wp-json\/wp\/v2\/product"}],"about":[{"href":"https:\/\/www.jc-partner.com\/en\/wp-json\/wp\/v2\/types\/product"}],"wp:featuredmedia":[{"embeddable":true,"href":"https:\/\/www.jc-partner.com\/en\/wp-json\/wp\/v2\/media\/4569"}],"wp:attachment":[{"href":"https:\/\/www.jc-partner.com\/en\/wp-json\/wp\/v2\/media?parent=4567"}],"wp:term":[{"taxonomy":"product_brand","embeddable":true,"href":"https:\/\/www.jc-partner.com\/en\/wp-json\/wp\/v2\/product_brand?post=4567"},{"taxonomy":"product_cat","embeddable":true,"href":"https:\/\/www.jc-partner.com\/en\/wp-json\/wp\/v2\/product_cat?post=4567"},{"taxonomy":"product_tag","embeddable":true,"href":"https:\/\/www.jc-partner.com\/en\/wp-json\/wp\/v2\/product_tag?post=4567"}],"curies":[{"name":"wp","href":"https:\/\/api.w.org\/{rel}","templated":true}]}}